{"id":473,"date":"2016-08-15T14:50:02","date_gmt":"2016-08-15T14:50:02","guid":{"rendered":"http:\/\/ihelper.threeusteam.com\/?page_id=2"},"modified":"2017-09-04T19:55:51","modified_gmt":"2017-09-04T19:55:51","slug":"ayuda-help-center","status":"publish","type":"page","link":"https:\/\/help.dopplerrelay.com\/es\/","title":{"rendered":"\u00a1Ayuda! Help Center"},"content":{"rendered":"[vc_row full_width=\u00bbstretch_row\u00bb el_class=\u00bbsection orange-bg\u00bb css=\u00bb.vc_custom_1497378003756{padding-top: 100px !important;padding-bottom: 100px !important;}\u00bb el_id=\u00bbcategories-section\u00bb][vc_column][vc_custom_heading text=\u00bbCategor\u00edas\u00bb font_container=\u00bbtag:h2|text_align:center\u00bb use_theme_fonts=\u00bbyes\u00bb el_class=\u00bbsection-desc\u00bb][vc_row_inner css=\u00bb.vc_custom_1496416673819{margin-bottom: 10px !important;}\u00bb][vc_column_inner width=\u00bb1\/3&#8243;]<a href=\"category\/primeros-pasos\/\"><div class=\"service-box  orange-bg\"><div class=\"icon\"><img width=\"100\" height=\"100\" src=\"https:\/\/help.dopplerrelay.com\/wp-content\/uploads\/2016\/08\/icon-getingstarted.png\" class=\"attachment-full size-full\" alt=\"\" loading=\"lazy\" \/><\/div><h3 class=\"service-title\">Primeros pasos<\/h3><div class=\"service-desc\">Encuentra aqu\u00ed toda la ayuda necesaria para dar tus primeros pasos y empezar a utilizar tu cuenta de Doppler Relay.<\/div><\/div><\/a>[\/vc_column_inner][vc_column_inner width=\u00bb1\/3&#8243;]<a href=\"category\/entregabilidad\/ \"><div class=\"service-box  orange-bg\"><div class=\"icon\"><img width=\"100\" height=\"100\" src=\"https:\/\/help.dopplerrelay.com\/wp-content\/uploads\/2016\/08\/icon-entregabilidad-1.png\" class=\"attachment-full size-full\" alt=\"\" loading=\"lazy\" \/><\/div><h3 class=\"service-title\">Entregabilidad<\/h3><div class=\"service-desc\">Aprende a optimizar tus env\u00edos transaccionales y as\u00ed asegurar la llegada de tus correos a la bandeja de entrada de tus clientes.<\/div><\/div><\/a>[\/vc_column_inner][vc_column_inner width=\u00bb1\/3&#8243;]<a href=\"category\/panel-de-control\/ \"><div class=\"service-box  orange-bg\"><div class=\"icon\"><img width=\"100\" height=\"100\" src=\"https:\/\/help.dopplerrelay.com\/wp-content\/uploads\/2016\/08\/icon-control-1.png\" class=\"attachment-full size-full\" alt=\"\" loading=\"lazy\" \/><\/div><h3 class=\"service-title\">Panel de Control<\/h3><div class=\"service-desc\">Ent\u00e9rate aqu\u00ed c\u00f3mo establecer tus preferencias de cuenta, encontrar tus credenciales, activar tu DKIM &#038; SPF y m\u00e1s.<\/div><\/div><\/a>[\/vc_column_inner][\/vc_row_inner][vc_row_inner css=\u00bb.vc_custom_1496416673819{margin-bottom: 10px !important;}\u00bb][vc_column_inner width=\u00bb1\/3&#8243;]<a href=\"category\/planes\/ \"><div class=\"service-box  orange-bg\"><div class=\"icon\"><img width=\"100\" height=\"100\" src=\"https:\/\/help.dopplerrelay.com\/wp-content\/uploads\/2016\/08\/icon-precios-1.png\" class=\"attachment-full size-full\" alt=\"\" loading=\"lazy\" \/><\/div><h3 class=\"service-title\">Planes<\/h3><div class=\"service-desc\">Averigua c\u00f3mo puedes contratar o actualizar tu plan. Descubre c\u00f3mo activar tu descuento, c\u00f3mo contratar una IP dedicada y m\u00e1s.<\/div><\/div><\/a>[\/vc_column_inner][vc_column_inner width=\u00bb1\/3&#8243;]<a href=\"category\/seguridad\/\"><div class=\"service-box  orange-bg\"><div class=\"icon\"><img width=\"100\" height=\"100\" src=\"https:\/\/help.dopplerrelay.com\/wp-content\/uploads\/2016\/08\/icon-seguridad-1.png\" class=\"attachment-full size-full\" alt=\"\" loading=\"lazy\" \/><\/div><h3 class=\"service-title\">Seguridad<\/h3><div class=\"service-desc\">El Email Transaccional suele contener informaci\u00f3n muy sensible para el cliente, conoce todos nuestros m\u00e9todos para protegerlos.<\/div><\/div><\/a>[\/vc_column_inner][vc_column_inner width=\u00bb1\/3&#8243;]<a href=\"category\/plantillas\/\"><div class=\"service-box  orange-bg\"><div class=\"icon\"><img width=\"100\" height=\"100\" src=\"https:\/\/help.dopplerrelay.com\/wp-content\/uploads\/2016\/08\/icon-plantillas-1.png\" class=\"attachment-full size-full\" alt=\"\" loading=\"lazy\" \/><\/div><h3 class=\"service-title\">Plantillas<\/h3><div class=\"service-desc\">Conoce c\u00f3mo importar tus propias plantillas, c\u00f3mo generar campos personalizados y crear un HTML que cumplan con tus objetivos.<\/div><\/div><\/a>[\/vc_column_inner][\/vc_row_inner][vc_row_inner css=\u00bb.vc_custom_1496416673819{margin-bottom: 10px !important;}\u00bb][vc_column_inner width=\u00bb1\/3&#8243;]<a href=\"category\/reportes\/\"><div class=\"service-box  orange-bg\"><div class=\"icon\"><img width=\"100\" height=\"100\" src=\"https:\/\/help.dopplerrelay.com\/wp-content\/uploads\/2016\/08\/icono-reportes-1.png\" class=\"attachment-full size-full\" alt=\"\" loading=\"lazy\" \/><\/div><h3 class=\"service-title\">Reportes<\/h3><div class=\"service-desc\">Descubre c\u00f3mo medir los resultados de tus Emails Transaccionales paso a paso y c\u00f3mo generar reportes detallados.<\/div><\/div><\/a>[\/vc_column_inner][vc_column_inner width=\u00bb1\/3&#8243;]<a href=\"category\/smtp\/\"><div class=\"service-box  orange-bg\"><div class=\"icon\"><img width=\"100\" height=\"100\" src=\"https:\/\/help.dopplerrelay.com\/wp-content\/uploads\/2016\/08\/icon-SMTP-1.png\" class=\"attachment-full size-full\" alt=\"\" loading=\"lazy\" \/><\/div><h3 class=\"service-title\">Conexi\u00f3n SMTP<\/h3><div class=\"service-desc\">Obt\u00e9n aqu\u00ed toda la informaci\u00f3n y ayuda necesaria para poder utilizar la conexi\u00f3n SMTP para el env\u00edo de tus Emails Transaccionales.<\/div><\/div><\/a>[\/vc_column_inner][vc_column_inner width=\u00bb1\/3&#8243;]<a href=\"category\/api\/\"><div class=\"service-box  orange-bg\"><div class=\"icon\"><img width=\"100\" height=\"100\" src=\"https:\/\/help.dopplerrelay.com\/wp-content\/uploads\/2016\/08\/icon-API.png\" class=\"attachment-full size-full\" alt=\"\" loading=\"lazy\" \/><\/div><h3 class=\"service-title\">Conexi\u00f3n API<\/h3><div class=\"service-desc\">Aprende a conectar tu sitio web, aplicaci\u00f3n o eCommerce utilizando nuestra API Rest, y aprovecha sus funcionalidades.<\/div><\/div><\/a>[\/vc_column_inner][\/vc_row_inner][vc_row_inner][vc_column_inner width=\u00bb1\/3&#8243;]<a href=\"category\/ftp\/\"><div class=\"service-box  orange-bg\"><div class=\"icon\"><img width=\"100\" height=\"100\" src=\"https:\/\/help.dopplerrelay.com\/wp-content\/uploads\/2016\/08\/icon-FTP-1.png\" class=\"attachment-full size-full\" alt=\"\" loading=\"lazy\" \/><\/div><h3 class=\"service-title\">Conexi\u00f3n FTP<\/h3><div class=\"service-desc\">Si tienes que realizar un env\u00edo en batch, entonces la conexi\u00f3n FTP puede ser tu soluci\u00f3n. Conoce c\u00f3mo utilizarla.<\/div><\/div><\/a>[\/vc_column_inner][vc_column_inner width=\u00bb1\/3&#8243;]<a href=\"category\/preguntas-frecuentes\/\"><div class=\"service-box  orange-bg\"><div class=\"icon\"><img width=\"100\" height=\"100\" src=\"https:\/\/help.dopplerrelay.com\/wp-content\/uploads\/2016\/08\/icon-FAQ-1.png\" class=\"attachment-full size-full\" alt=\"\" loading=\"lazy\" \/><\/div><h3 class=\"service-title\">Preguntas Frecuentes<\/h3><div class=\"service-desc\">Encuentra aqu\u00ed las preguntas m\u00e1s frecuentes de nuestros clientes que pueden ayudarte a solucionar cualquier duda. <\/div><\/div><\/a>[\/vc_column_inner][\/vc_row_inner][\/vc_column][\/vc_row][vc_row full_width=\u00bbstretch_row\u00bb el_class=\u00bbsection\u00bb][vc_column width=\u00bb1\/3&#8243;][vc_row_inner 0=\u00bb\u00bb][vc_column_inner width=\u00bb1\/6&#8243;][vc_single_image image=\u00bb755&#8243;][\/vc_column_inner][vc_column_inner width=\u00bb5\/6&#8243;][vc_custom_heading text=\u00bbEstado del servicio\u00bb font_container=\u00bbtag:h4|text_align:left\u00bb use_theme_fonts=\u00bbyes\u00bb][vc_custom_heading text=\u00bbAqu\u00ed podr\u00e1s consultar el estado de nuestros servidores, tanto de la API, SMTP y de nuestra aplicaci\u00f3n, para que est\u00e9s siempre informado.\u00bb font_container=\u00bbtag:p|text_align:left\u00bb use_theme_fonts=\u00bbyes\u00bb css=\u00bb.vc_custom_1499090512857{padding-bottom: 20px !important;}\u00bb][vc_custom_heading text=\u00bbIngresa aqu\u00ed\u00bb font_container=\u00bbtag:p|text_align:left\u00bb use_theme_fonts=\u00bbyes\u00bb link=\u00bburl:https%3A%2F%2Fstats.dopplerrelay.com%2F||target:_blank|\u00bb][\/vc_column_inner][\/vc_row_inner][\/vc_column][vc_column width=\u00bb1\/3&#8243;][vc_row_inner 0=\u00bb\u00bb][vc_column_inner width=\u00bb1\/6&#8243;][vc_single_image image=\u00bb759&#8243;][\/vc_column_inner][vc_column_inner width=\u00bb5\/6&#8243;][vc_custom_heading text=\u00bbHorario de atenci\u00f3n\u00bb font_container=\u00bbtag:h4|text_align:left\u00bb use_theme_fonts=\u00bbyes\u00bb][vc_custom_heading text=\u00bbPuedes <a href=``mailto:soporte@dopplerrelay.com``>escribirnos<\/a> o llamarnos de lunes a viernes de 8:00 a.m. a 8:00 p.m. (GMT -3). Fuera de este horario env\u00edanos un Email y te responderemos a la brevedad. \u00bfEsta no es tu zona horaria? \u00bb font_container=\u00bbtag:p|text_align:left\u00bb use_theme_fonts=\u00bbyes\u00bb href=\u00bb\u00abhttps:\/\/www.timeanddate.com\/worldclock\/fixedtime.html?msg=Horarios+de+Atenci%C3%B3n+Soporte+-+Doppler+Email+Marketing&amp;iso=20150131T08&amp;p1=558&amp;ah=12\u00ab\u00bb][vc_custom_heading text=\u00bb\u00bb font_container=\u00bbtag:p|text_align:left\u00bb use_theme_fonts=\u00bbyes\u00bb css=\u00bb.vc_custom_1499090788903{padding-bottom: 20px !important;}\u00bb][vc_custom_heading text=\u00bbIngresa aqu\u00ed\u00bb font_container=\u00bbtag:p|text_align:left\u00bb use_theme_fonts=\u00bbyes\u00bb href=\u00bb\u00abhttps:\/\/www.timeanddate.com\/worldclock\/fixedtime.html?msg=Horarios+de+Atenci%C3%B3n+Soporte+-+Doppler+Email+Marketing&amp;iso=20150131T08&amp;p1=558&amp;ah=12\u00ab\u00bb link=\u00bburl:http%3A%2F%2Fwww.timeanddate.com%2Fworldclock%2Ffixedtime.html%3Fmsg%3DHorarios%2Bde%2BAtenci%25C3%25B3n%2BSoporte%2B-%2BDoppler%2BEmail%2BMarketing%26iso%3D20150131T08%26p1%3D558%26ah%3D12||target:_blank|\u00bb][\/vc_column_inner][\/vc_row_inner][\/vc_column][vc_column width=\u00bb1\/3&#8243;][vc_row_inner 0=\u00bb\u00bb][vc_column_inner width=\u00bb1\/6&#8243;][vc_single_image image=\u00bb753&#8243;][\/vc_column_inner][vc_column_inner width=\u00bb5\/6&#8243;][vc_custom_heading text=\u00bbDocumentaci\u00f3n\u00bb font_container=\u00bbtag:h4|text_align:left\u00bb use_theme_fonts=\u00bbyes\u00bb][vc_custom_heading text=\u00bbRevisa nuestra documentaci\u00f3n y aprende a utilizar cualquiera de nuestras 3 formas de conexi\u00f3n. Tambi\u00e9n encontrar\u00e1s ejemplos y un playground para hacer pruebas.\u00bb font_container=\u00bbtag:p|text_align:left\u00bb use_theme_fonts=\u00bbyes\u00bb css=\u00bb.vc_custom_1499090449979{padding-bottom: 20px !important;}\u00bb][vc_custom_heading text=\u00bbIngresa aqu\u00ed\u00bb font_container=\u00bbtag:p|text_align:left\u00bb use_theme_fonts=\u00bbyes\u00bb link=\u00bburl:https%3A%2F%2Fwww.dopplerrelay.com%2Fdocumentacion%3Futm_source%3Ddopplerrelay%26utm_medium%3Dhelpcenter%26utm_campaign%3Dhome||target:_blank|\u00bb][\/vc_column_inner][\/vc_row_inner][\/vc_column][\/vc_row]","protected":false},"excerpt":{"rendered":"<p>[vc_row full_width=\u00bbstretch_row\u00bb el_class=\u00bbsection orange-bg\u00bb css=\u00bb.vc_custom_1497378003756{padding-top: 100px !important;padding-bottom: 100px !important;}\u00bb el_id=\u00bbcategories-section\u00bb][vc_column][vc_custom_heading text=\u00bbCategor\u00edas\u00bb font_container=\u00bbtag:h2|text_align:center\u00bb use_theme_fonts=\u00bbyes\u00bb el_class=\u00bbsection-desc\u00bb][vc_row_inner css=\u00bb.vc_custom_1496416673819{margin-bottom: 10px !important;}\u00bb][vc_column_inner width=\u00bb1\/3&#8243;][\/vc_column_inner][vc_column_inner width=\u00bb1\/3&#8243;][\/vc_column_inner][vc_column_inner width=\u00bb1\/3&#8243;][\/vc_column_inner][\/vc_row_inner][vc_row_inner css=\u00bb.vc_custom_1496416673819{margin-bottom: 10px !important;}\u00bb][vc_column_inner width=\u00bb1\/3&#8243;][\/vc_column_inner][vc_column_inner width=\u00bb1\/3&#8243;][\/vc_column_inner][vc_column_inner width=\u00bb1\/3&#8243;][\/vc_column_inner][\/vc_row_inner][vc_row_inner css=\u00bb.vc_custom_1496416673819{margin-bottom: 10px !important;}\u00bb][vc_column_inner width=\u00bb1\/3&#8243;][\/vc_column_inner][vc_column_inner width=\u00bb1\/3&#8243;][\/vc_column_inner][vc_column_inner width=\u00bb1\/3&#8243;][\/vc_column_inner][\/vc_row_inner][vc_row_inner][vc_column_inner width=\u00bb1\/3&#8243;][\/vc_column_inner][vc_column_inner width=\u00bb1\/3&#8243;][\/vc_column_inner][\/vc_row_inner][\/vc_column][\/vc_row][vc_row full_width=\u00bbstretch_row\u00bb el_class=\u00bbsection\u00bb][vc_column width=\u00bb1\/3&#8243;][vc_row_inner 0=\u00bb\u00bb][vc_column_inner width=\u00bb1\/6&#8243;][vc_single_image image=\u00bb755&#8243;][\/vc_column_inner][vc_column_inner width=\u00bb5\/6&#8243;][vc_custom_heading text=\u00bbEstado del servicio\u00bb font_container=\u00bbtag:h4|text_align:left\u00bb use_theme_fonts=\u00bbyes\u00bb][vc_custom_heading text=\u00bbAqu\u00ed podr\u00e1s consultar el estado de nuestros servidores, tanto [&hellip;]<\/p>\n","protected":false},"author":1,"featured_media":0,"parent":0,"menu_order":0,"comment_status":"closed","ping_status":"open","template":"home.php","meta":[],"acf":[],"yoast_head":"<!-- This site is optimized with the Yoast SEO plugin v19.1 - https:\/\/yoast.com\/wordpress\/plugins\/seo\/ -->\n<title>Ayuda Email Transaccional | Doppler Relay Help Center<\/title>\n<meta name=\"description\" content=\"\u00bfNecesitas ayuda configurando tus Emails Transaccionales? Aprovecha los tutoriales y art\u00edculos que el equipo de Doppler Relay ha creado para ti. \u00a1L\u00e9elos todos aqu\u00ed!\" \/>\n<meta name=\"robots\" content=\"index, follow, max-snippet:-1, max-image-preview:large, max-video-preview:-1\" \/>\n<link rel=\"canonical\" href=\"https:\/\/help.dopplerrelay.com\/es\/\" \/>\n<meta property=\"og:locale\" content=\"es_ES\" \/>\n<meta property=\"og:type\" content=\"article\" \/>\n<meta property=\"og:title\" content=\"Ayuda Email Transaccional | Doppler Relay Help Center\" \/>\n<meta property=\"og:description\" content=\"\u00bfNecesitas ayuda configurando tus Emails Transaccionales? Aprovecha los tutoriales y art\u00edculos que el equipo de Doppler Relay ha creado para ti. \u00a1L\u00e9elos todos aqu\u00ed!\" \/>\n<meta property=\"og:url\" content=\"https:\/\/help.dopplerrelay.com\/es\/\" \/>\n<meta property=\"og:site_name\" content=\"Doppler Relay Help\" \/>\n<meta property=\"article:modified_time\" content=\"2017-09-04T19:55:51+00:00\" \/>\n<meta property=\"og:image\" content=\"https:\/\/help.dopplerrelay.com\/wp-content\/uploads\/2017\/08\/share-facebook.jpg\" \/>\n\t<meta property=\"og:image:width\" content=\"700\" \/>\n\t<meta property=\"og:image:height\" content=\"428\" \/>\n\t<meta property=\"og:image:type\" content=\"image\/jpeg\" \/>\n<meta name=\"twitter:card\" content=\"summary_large_image\" \/>\n<meta name=\"twitter:label1\" content=\"Tiempo de lectura\" \/>\n\t<meta name=\"twitter:data1\" content=\"10 minutos\" \/>\n<script type=\"application\/ld+json\" class=\"yoast-schema-graph\">{\"@context\":\"https:\/\/schema.org\",\"@graph\":[{\"@type\":\"WebSite\",\"@id\":\"https:\/\/help.dopplerrelay.com\/es\/#website\",\"url\":\"https:\/\/help.dopplerrelay.com\/es\/\",\"name\":\"Doppler Relay Help\",\"description\":\"Otro sitio realizado con WordPress\",\"potentialAction\":[{\"@type\":\"SearchAction\",\"target\":{\"@type\":\"EntryPoint\",\"urlTemplate\":\"https:\/\/help.dopplerrelay.com\/es\/?s={search_term_string}\"},\"query-input\":\"required name=search_term_string\"}],\"inLanguage\":\"es\"},{\"@type\":\"WebPage\",\"@id\":\"https:\/\/help.dopplerrelay.com\/es\/#webpage\",\"url\":\"https:\/\/help.dopplerrelay.com\/es\/\",\"name\":\"Ayuda Email Transaccional | Doppler Relay Help Center\",\"isPartOf\":{\"@id\":\"https:\/\/help.dopplerrelay.com\/es\/#website\"},\"datePublished\":\"2016-08-15T14:50:02+00:00\",\"dateModified\":\"2017-09-04T19:55:51+00:00\",\"description\":\"\u00bfNecesitas ayuda configurando tus Emails Transaccionales? Aprovecha los tutoriales y art\u00edculos que el equipo de Doppler Relay ha creado para ti. \u00a1L\u00e9elos todos aqu\u00ed!\",\"breadcrumb\":{\"@id\":\"https:\/\/help.dopplerrelay.com\/es\/#breadcrumb\"},\"inLanguage\":\"es\",\"potentialAction\":[{\"@type\":\"ReadAction\",\"target\":[\"https:\/\/help.dopplerrelay.com\/es\/\"]}]},{\"@type\":\"BreadcrumbList\",\"@id\":\"https:\/\/help.dopplerrelay.com\/es\/#breadcrumb\",\"itemListElement\":[{\"@type\":\"ListItem\",\"position\":1,\"name\":\"Home\",\"item\":\"https:\/\/help.dopplerrelay.com\/es\/\"},{\"@type\":\"ListItem\",\"position\":2,\"name\":\"\u00a1Ayuda! Help Center\"}]}]}<\/script>\n<!-- \/ Yoast SEO plugin. -->","yoast_head_json":{"title":"Ayuda Email Transaccional | Doppler Relay Help Center","description":"\u00bfNecesitas ayuda configurando tus Emails Transaccionales? Aprovecha los tutoriales y art\u00edculos que el equipo de Doppler Relay ha creado para ti. \u00a1L\u00e9elos todos aqu\u00ed!","robots":{"index":"index","follow":"follow","max-snippet":"max-snippet:-1","max-image-preview":"max-image-preview:large","max-video-preview":"max-video-preview:-1"},"canonical":"https:\/\/help.dopplerrelay.com\/es\/","og_locale":"es_ES","og_type":"article","og_title":"Ayuda Email Transaccional | Doppler Relay Help Center","og_description":"\u00bfNecesitas ayuda configurando tus Emails Transaccionales? Aprovecha los tutoriales y art\u00edculos que el equipo de Doppler Relay ha creado para ti. \u00a1L\u00e9elos todos aqu\u00ed!","og_url":"https:\/\/help.dopplerrelay.com\/es\/","og_site_name":"Doppler Relay Help","article_modified_time":"2017-09-04T19:55:51+00:00","og_image":[{"width":700,"height":428,"url":"https:\/\/help.dopplerrelay.com\/wp-content\/uploads\/2017\/08\/share-facebook.jpg","type":"image\/jpeg"}],"twitter_card":"summary_large_image","twitter_misc":{"Tiempo de lectura":"10 minutos"},"schema":{"@context":"https:\/\/schema.org","@graph":[{"@type":"WebSite","@id":"https:\/\/help.dopplerrelay.com\/es\/#website","url":"https:\/\/help.dopplerrelay.com\/es\/","name":"Doppler Relay Help","description":"Otro sitio realizado con WordPress","potentialAction":[{"@type":"SearchAction","target":{"@type":"EntryPoint","urlTemplate":"https:\/\/help.dopplerrelay.com\/es\/?s={search_term_string}"},"query-input":"required name=search_term_string"}],"inLanguage":"es"},{"@type":"WebPage","@id":"https:\/\/help.dopplerrelay.com\/es\/#webpage","url":"https:\/\/help.dopplerrelay.com\/es\/","name":"Ayuda Email Transaccional | Doppler Relay Help Center","isPartOf":{"@id":"https:\/\/help.dopplerrelay.com\/es\/#website"},"datePublished":"2016-08-15T14:50:02+00:00","dateModified":"2017-09-04T19:55:51+00:00","description":"\u00bfNecesitas ayuda configurando tus Emails Transaccionales? Aprovecha los tutoriales y art\u00edculos que el equipo de Doppler Relay ha creado para ti. \u00a1L\u00e9elos todos aqu\u00ed!","breadcrumb":{"@id":"https:\/\/help.dopplerrelay.com\/es\/#breadcrumb"},"inLanguage":"es","potentialAction":[{"@type":"ReadAction","target":["https:\/\/help.dopplerrelay.com\/es\/"]}]},{"@type":"BreadcrumbList","@id":"https:\/\/help.dopplerrelay.com\/es\/#breadcrumb","itemListElement":[{"@type":"ListItem","position":1,"name":"Home","item":"https:\/\/help.dopplerrelay.com\/es\/"},{"@type":"ListItem","position":2,"name":"\u00a1Ayuda! Help Center"}]}]}},"_links":{"self":[{"href":"https:\/\/help.dopplerrelay.com\/es\/wp-json\/wp\/v2\/pages\/473"}],"collection":[{"href":"https:\/\/help.dopplerrelay.com\/es\/wp-json\/wp\/v2\/pages"}],"about":[{"href":"https:\/\/help.dopplerrelay.com\/es\/wp-json\/wp\/v2\/types\/page"}],"author":[{"embeddable":true,"href":"https:\/\/help.dopplerrelay.com\/es\/wp-json\/wp\/v2\/users\/1"}],"replies":[{"embeddable":true,"href":"https:\/\/help.dopplerrelay.com\/es\/wp-json\/wp\/v2\/comments?post=473"}],"version-history":[{"count":113,"href":"https:\/\/help.dopplerrelay.com\/es\/wp-json\/wp\/v2\/pages\/473\/revisions"}],"predecessor-version":[{"id":1164,"href":"https:\/\/help.dopplerrelay.com\/es\/wp-json\/wp\/v2\/pages\/473\/revisions\/1164"}],"wp:attachment":[{"href":"https:\/\/help.dopplerrelay.com\/es\/wp-json\/wp\/v2\/media?parent=473"}],"curies":[{"name":"wp","href":"https:\/\/api.w.org\/{rel}","templated":true}]}}